{"id":504,"date":"2025-05-22T14:57:44","date_gmt":"2025-05-22T14:57:44","guid":{"rendered":"https:\/\/kindertagespflege-schmetterling.de\/?page_id=504"},"modified":"2025-05-22T17:50:15","modified_gmt":"2025-05-22T17:50:15","slug":"kontakt","status":"publish","type":"page","link":"https:\/\/kindertagespflege-schmetterling.de\/index.php\/kontakt\/","title":{"rendered":"Kontakt"},"content":{"rendered":"\t\t<div data-elementor-type=\"wp-page\" data-elementor-id=\"504\" class=\"elementor elementor-504\" data-elementor-post-type=\"page\">\n\t\t\t\t\t\t<section class=\"elementor-section elementor-top-section elementor-element elementor-element-74273ff animated-slow elementor-section-boxed elementor-section-height-default elementor-section-height-default elementor-invisible\" data-id=\"74273ff\" data-element_type=\"section\" data-settings=\"{&quot;animation&quot;:&quot;fadeIn&quot;}\">\n\t\t\t\t\t\t<div class=\"elementor-container elementor-column-gap-default\">\n\t\t\t\t\t<div class=\"elementor-column elementor-col-100 elementor-top-column elementor-element elementor-element-e5101e6\" data-id=\"e5101e6\" data-element_type=\"column\">\n\t\t\t<div class=\"elementor-widget-wrap elementor-element-populated\">\n\t\t\t\t\t\t<div class=\"elementor-element elementor-element-2b3913c elementor-widget elementor-widget-slider_revolution\" data-id=\"2b3913c\" data-element_type=\"widget\" data-widget_type=\"slider_revolution.default\">\n\t\t\t\t<div class=\"elementor-widget-container\">\n\t\t\t\t\t\n\t\t<div class=\"wp-block-themepunch-revslider\">\n\t\t\t\t<p class=\"rs-p-wp-fix\"><\/p>\n\t\t\t\t<sr7-module data-alias=\"slider-1\" data-id=\"1\" id=\"SR7_1_1\" class=\"rs-ov-hidden\" data-version=\"6.7.34\">\n\t\t\t\t\t<sr7-adjuster><\/sr7-adjuster>\n\t\t\t\t\t<sr7-content>\n\t\t\t\t\t\t<sr7-slide id=\"SR7_1_1-1\" data-key=\"1\">\n\t\t\t\t\t\t\t<sr7-bg id=\"SR7_1_1-1-2\" class=\"sr7-layer\"><noscript><img decoding=\"async\" src=\"https:\/\/kindertagespflege-schmetterling.de\/wp-content\/uploads\/2025\/05\/WhatsApp-Image-2025-05-18-at-10.21.222-1.jpeg\" alt=\"\" title=\"WhatsApp Image 2025-05-18 at 10.21.22(2)\"><\/noscript><\/sr7-bg>\n\t\t\t\t\t\t<\/sr7-slide>\n\t\t\t\t\t\t<sr7-slide id=\"SR7_1_1-2\" data-key=\"2\">\n\t\t\t\t\t\t\t<sr7-bg id=\"SR7_1_1-2-1\" class=\"sr7-layer\"><noscript><img decoding=\"async\" src=\"https:\/\/kindertagespflege-schmetterling.de\/wp-content\/uploads\/2025\/05\/WhatsApp-Image-2025-05-18-at-10.21.223.jpeg\" alt=\"\" title=\"WhatsApp Image 2025-05-18 at 10.21.22(3)\"><\/noscript><\/sr7-bg>\n\t\t\t\t\t\t<\/sr7-slide>\n\t\t\t\t\t\t<sr7-slide id=\"SR7_1_1-3\" data-key=\"3\">\n\t\t\t\t\t\t<\/sr7-slide>\n\t\t\t\t\t<\/sr7-content>\n\t\t\t\t\t<image_lists style=\"display:none\">\n\t\t\t\t\t\t<img data-src=\"\/\/kindertagespflege-schmetterling.de\/wp-content\/uploads\/2025\/05\/cropped-2025051923252192.png\" data-libid=\"416\" data-lib=\"medialibrary\" title=\"cropped-2025051923252192.png\" width=\"0\" height=\"0\" data-dbsrc=\"Ly9raW5kZXJ0YWdlc3BmbGVnZS1zY2htZXR0ZXJsaW5nLmRlL3dwLWNvbnRlbnQvdXBsb2Fkcy8yMDI1LzA1L2Nyb3BwZWQtMjAyNTA1MTkyMzI1MjE5Mi5wbmc=\"\/>\n\t\t\t\t\t\t<img data-src=\"\/\/kindertagespflege-schmetterling.de\/wp-content\/uploads\/2025\/05\/WhatsApp-Image-2025-05-18-at-10.21.222-1.jpeg\" data-libid=\"412\" data-lib=\"medialibrary\" title=\"WhatsApp Image 2025-05-18 at 10.21.22(2)\" width=\"0\" height=\"0\" data-dbsrc=\"Ly9raW5kZXJ0YWdlc3BmbGVnZS1zY2htZXR0ZXJsaW5nLmRlL3dwLWNvbnRlbnQvdXBsb2Fkcy8yMDI1LzA1L1doYXRzQXBwLUltYWdlLTIwMjUtMDUtMTgtYXQtMTAuMjEuMjIyLTEuanBlZw==\"\/>\n\t\t\t\t\t\t<img data-src=\"\/\/kindertagespflege-schmetterling.de\/wp-content\/uploads\/2025\/05\/WhatsApp-Image-2025-05-18-at-10.21.223.jpeg\" data-libid=\"405\" data-lib=\"medialibrary\" title=\"WhatsApp Image 2025-05-18 at 10.21.22(3)\" width=\"0\" height=\"0\" data-dbsrc=\"Ly9raW5kZXJ0YWdlc3BmbGVnZS1zY2htZXR0ZXJsaW5nLmRlL3dwLWNvbnRlbnQvdXBsb2Fkcy8yMDI1LzA1L1doYXRzQXBwLUltYWdlLTIwMjUtMDUtMTgtYXQtMTAuMjEuMjIzLmpwZWc=\"\/>\n\t\t\t\t\t<\/image_lists>\n\t\t\t\t<\/sr7-module>\n\t\t\t\t<script>\n\t\t\t\t\tSR7.PMH ??={}; SR7.PMH[\"SR7_1_1\"] = {cn:100,state:false,fn: function() { if (_tpt!==undefined && _tpt.prepareModuleHeight !== undefined) {  _tpt.prepareModuleHeight({id:\"SR7_1_1\",el:[891,891,700,600,500],type:'standard',shdw:'0',gh:[891,891,700,600,500],gw:[1300,1300,1024,778,480],vpt:['-100px&#039;,&#039;-100px&#039;,&#039;-100px&#039;,&#039;-100px&#039;,&#039;-100px'],size:{fullWidth:true, fullHeight:false},mh:'0',onh:0,onw:0,bg:{color:'{\"orig\":\"transparent\",\"type\":\"solid\",\"string\":\"transparent\"}'}});   SR7.PMH[\"SR7_1_1\"].state=true;} else if(SR7.PMH[\"SR7_1_1\"].cn-->0)\tsetTimeout( SR7.PMH[\"SR7_1_1\"].fn,19);}};SR7.PMH[\"SR7_1_1\" ].fn();\n\t\t\t\t<\/script>\n<\/div>\n\n\t\t\t\t\t\t<\/div>\n\t\t\t\t<\/div>\n\t\t\t\t\t<\/div>\n\t\t<\/div>\n\t\t\t\t\t<\/div>\n\t\t<\/section>\n\t\t<div class=\"elementor-element elementor-element-8d7f7e6 e-flex e-con-boxed e-con e-parent\" data-id=\"8d7f7e6\" data-element_type=\"container\">\n\t\t\t\t\t<div class=\"e-con-inner\">\n\t\t<div class=\"elementor-element elementor-element-3c8ca80 e-con-full e-flex e-con e-child\" data-id=\"3c8ca80\" data-element_type=\"container\">\n\t\t\t\t<div class=\"elementor-element elementor-element-1175a88 elementor-widget elementor-widget-image\" data-id=\"1175a88\" data-element_type=\"widget\" data-widget_type=\"image.default\">\n\t\t\t\t<div class=\"elementor-widget-container\">\n\t\t\t\t\t\t\t\t\t\t\t\t\t\t\t<img loading=\"lazy\" decoding=\"async\" width=\"1024\" height=\"579\" src=\"https:\/\/kindertagespflege-schmetterling.de\/wp-content\/uploads\/2025\/05\/WhatsApp-Image-2025-05-18-at-10.21.222-1-1024x579.jpeg\" class=\"attachment-large size-large wp-image-412\" alt=\"\" srcset=\"https:\/\/kindertagespflege-schmetterling.de\/wp-content\/uploads\/2025\/05\/WhatsApp-Image-2025-05-18-at-10.21.222-1-1024x579.jpeg 1024w, https:\/\/kindertagespflege-schmetterling.de\/wp-content\/uploads\/2025\/05\/WhatsApp-Image-2025-05-18-at-10.21.222-1-300x170.jpeg 300w, https:\/\/kindertagespflege-schmetterling.de\/wp-content\/uploads\/2025\/05\/WhatsApp-Image-2025-05-18-at-10.21.222-1-768x434.jpeg 768w, https:\/\/kindertagespflege-schmetterling.de\/wp-content\/uploads\/2025\/05\/WhatsApp-Image-2025-05-18-at-10.21.222-1.jpeg 1472w\" sizes=\"(max-width: 1024px) 100vw, 1024px\" \/>\t\t\t\t\t\t\t\t\t\t\t\t\t\t\t<\/div>\n\t\t\t\t<\/div>\n\t\t\t\t<\/div>\n\t\t<div class=\"elementor-element elementor-element-83defde e-con-full e-flex e-con e-child\" data-id=\"83defde\" data-element_type=\"container\">\n\t\t\t\t<div class=\"elementor-element elementor-element-49f05ce elementor-widget elementor-widget-image\" data-id=\"49f05ce\" data-element_type=\"widget\" data-widget_type=\"image.default\">\n\t\t\t\t<div class=\"elementor-widget-container\">\n\t\t\t\t\t\t\t\t\t\t\t\t\t\t\t<img loading=\"lazy\" decoding=\"async\" width=\"1024\" height=\"579\" src=\"https:\/\/kindertagespflege-schmetterling.de\/wp-content\/uploads\/2025\/05\/WhatsApp-Image-2025-05-18-at-10.21.223-1024x579.jpeg\" class=\"attachment-large size-large wp-image-405\" alt=\"\" srcset=\"https:\/\/kindertagespflege-schmetterling.de\/wp-content\/uploads\/2025\/05\/WhatsApp-Image-2025-05-18-at-10.21.223-1024x579.jpeg 1024w, https:\/\/kindertagespflege-schmetterling.de\/wp-content\/uploads\/2025\/05\/WhatsApp-Image-2025-05-18-at-10.21.223-300x170.jpeg 300w, https:\/\/kindertagespflege-schmetterling.de\/wp-content\/uploads\/2025\/05\/WhatsApp-Image-2025-05-18-at-10.21.223-768x434.jpeg 768w, https:\/\/kindertagespflege-schmetterling.de\/wp-content\/uploads\/2025\/05\/WhatsApp-Image-2025-05-18-at-10.21.223.jpeg 1472w\" sizes=\"(max-width: 1024px) 100vw, 1024px\" \/>\t\t\t\t\t\t\t\t\t\t\t\t\t\t\t<\/div>\n\t\t\t\t<\/div>\n\t\t\t\t<\/div>\n\t\t<div class=\"elementor-element elementor-element-3ded7c1 e-con-full e-flex e-con e-child\" data-id=\"3ded7c1\" data-element_type=\"container\">\n\t\t\t\t<div class=\"elementor-element elementor-element-ef470ee elementor-widget elementor-widget-image\" data-id=\"ef470ee\" data-element_type=\"widget\" data-widget_type=\"image.default\">\n\t\t\t\t<div class=\"elementor-widget-container\">\n\t\t\t\t\t\t\t\t\t\t\t\t\t\t\t<img loading=\"lazy\" decoding=\"async\" width=\"1024\" height=\"579\" src=\"https:\/\/kindertagespflege-schmetterling.de\/wp-content\/uploads\/2025\/05\/WhatsApp-Image-2025-05-18-at-10.21.221-1024x579.jpeg\" class=\"attachment-large size-large wp-image-407\" alt=\"\" srcset=\"https:\/\/kindertagespflege-schmetterling.de\/wp-content\/uploads\/2025\/05\/WhatsApp-Image-2025-05-18-at-10.21.221-1024x579.jpeg 1024w, https:\/\/kindertagespflege-schmetterling.de\/wp-content\/uploads\/2025\/05\/WhatsApp-Image-2025-05-18-at-10.21.221-300x170.jpeg 300w, https:\/\/kindertagespflege-schmetterling.de\/wp-content\/uploads\/2025\/05\/WhatsApp-Image-2025-05-18-at-10.21.221-768x434.jpeg 768w, https:\/\/kindertagespflege-schmetterling.de\/wp-content\/uploads\/2025\/05\/WhatsApp-Image-2025-05-18-at-10.21.221.jpeg 1472w\" sizes=\"(max-width: 1024px) 100vw, 1024px\" \/>\t\t\t\t\t\t\t\t\t\t\t\t\t\t\t<\/div>\n\t\t\t\t<\/div>\n\t\t\t\t<\/div>\n\t\t\t\t\t<\/div>\n\t\t\t\t<\/div>\n\t\t<div class=\"elementor-element elementor-element-b5236b0 e-flex e-con-boxed e-con e-parent\" data-id=\"b5236b0\" data-element_type=\"container\">\n\t\t\t\t\t<div class=\"e-con-inner\">\n\t\t<div class=\"elementor-element elementor-element-b7c1d50 e-con-full e-flex e-con e-child\" data-id=\"b7c1d50\" data-element_type=\"container\">\n\t\t\t\t<\/div>\n\t\t<div class=\"elementor-element elementor-element-6996efe e-con-full e-flex e-con e-child\" data-id=\"6996efe\" data-element_type=\"container\">\n\t\t\t\t<div class=\"elementor-element elementor-element-2691812 elementor-widget elementor-widget-text-editor\" data-id=\"2691812\" data-element_type=\"widget\" data-widget_type=\"text-editor.default\">\n\t\t\t\t<div class=\"elementor-widget-container\">\n\t\t\t\t\t\t\t\t\t<div id=\"model-response-message-contentr_22698c169915bb87\" class=\"markdown markdown-main-panel enable-updated-hr-color\" dir=\"ltr\"><p style=\"text-align: center;\" data-sourcepos=\"1:1-1:294\"><strong><span style=\"color: #000000;\">Wenn Sie Fragen zur Kinderbetreuung in der Kindertagespflege Schmetterling.<\/span><\/strong><\/p><\/div>\t\t\t\t\t\t\t\t<\/div>\n\t\t\t\t<\/div>\n\t\t\t\t<div class=\"elementor-element elementor-element-e219540 elementor-widget elementor-widget-text-editor\" data-id=\"e219540\" data-element_type=\"widget\" data-widget_type=\"text-editor.default\">\n\t\t\t\t<div class=\"elementor-widget-container\">\n\t\t\t\t\t\t\t\t\t<p style=\"text-align: center;\"><span style=\"color: #000000;\">haben oder sich f\u00fcr einen Platz interessieren, z\u00f6gern Sie nicht, mich, Faranak Farzam, zu kontaktieren.<\/span><\/p><p style=\"text-align: center;\"><span style=\"color: #000000;\">Sie k\u00f6nnen mir gerne schreiben oder mich unter meiner Mobilnummer <\/span><span style=\"color: #000000;\">0176\/82066545<\/span><\/p><p style=\"text-align: center;\"><span style=\"color: #000000;\">anrufen.<\/span><\/p>\t\t\t\t\t\t\t\t<\/div>\n\t\t\t\t<\/div>\n\t\t\t\t<\/div>\n\t\t<div class=\"elementor-element elementor-element-37aebd8 e-con-full e-flex e-con e-child\" data-id=\"37aebd8\" data-element_type=\"container\">\n\t\t\t\t<\/div>\n\t\t\t\t\t<\/div>\n\t\t\t\t<\/div>\n\t\t<div class=\"elementor-element elementor-element-3b25f76 e-flex e-con-boxed e-con e-parent\" data-id=\"3b25f76\" data-element_type=\"container\">\n\t\t\t\t\t<div class=\"e-con-inner\">\n\t\t<div class=\"elementor-element elementor-element-c95215f e-con-full e-flex e-con e-child\" data-id=\"c95215f\" data-element_type=\"container\">\n\t\t\t\t<div class=\"elementor-element elementor-element-7da337d elementor-button-align-stretch elementor-widget elementor-widget-form\" data-id=\"7da337d\" data-element_type=\"widget\" data-settings=\"{&quot;button_width&quot;:&quot;25&quot;,&quot;step_next_label&quot;:&quot;Next&quot;,&quot;step_previous_label&quot;:&quot;Previous&quot;,&quot;step_type&quot;:&quot;number_text&quot;,&quot;step_icon_shape&quot;:&quot;circle&quot;}\" data-widget_type=\"form.default\">\n\t\t\t\t<div class=\"elementor-widget-container\">\n\t\t\t\t\t\t\t<form class=\"elementor-form\" method=\"post\" name=\"New Form\">\n\t\t\t<input type=\"hidden\" name=\"post_id\" value=\"504\"\/>\n\t\t\t<input type=\"hidden\" name=\"form_id\" value=\"7da337d\"\/>\n\t\t\t<input type=\"hidden\" name=\"referer_title\" value=\"\" \/>\n\n\t\t\t\n\t\t\t<div class=\"elementor-form-fields-wrapper elementor-labels-above\">\n\t\t\t\t\t\t\t\t<div class=\"elementor-field-type-text elementor-field-group elementor-column elementor-field-group-field_005e09a elementor-col-50\">\n\t\t\t\t\t\t\t\t\t\t\t\t<label for=\"form-field-field_005e09a\" class=\"elementor-field-label\">\n\t\t\t\t\t\t\t\tVorname\t\t\t\t\t\t\t<\/label>\n\t\t\t\t\t\t\t\t\t\t\t\t\t\t<input size=\"1\" type=\"text\" name=\"form_fields[field_005e09a]\" id=\"form-field-field_005e09a\" class=\"elementor-field elementor-size-sm  elementor-field-textual\" placeholder=\"Vorname\">\n\t\t\t\t\t\t\t\t\t\t\t<\/div>\n\t\t\t\t\t\t\t\t<div class=\"elementor-field-type-text elementor-field-group elementor-column elementor-field-group-name elementor-col-50\">\n\t\t\t\t\t\t\t\t\t\t\t\t<label for=\"form-field-name\" class=\"elementor-field-label\">\n\t\t\t\t\t\t\t\tName\t\t\t\t\t\t\t<\/label>\n\t\t\t\t\t\t\t\t\t\t\t\t\t\t<input size=\"1\" type=\"text\" name=\"form_fields[name]\" id=\"form-field-name\" class=\"elementor-field elementor-size-sm  elementor-field-textual\" placeholder=\"Name\">\n\t\t\t\t\t\t\t\t\t\t\t<\/div>\n\t\t\t\t\t\t\t\t<div class=\"elementor-field-type-email elementor-field-group elementor-column elementor-field-group-email elementor-col-50 elementor-field-required\">\n\t\t\t\t\t\t\t\t\t\t\t\t<label for=\"form-field-email\" class=\"elementor-field-label\">\n\t\t\t\t\t\t\t\tEmail\t\t\t\t\t\t\t<\/label>\n\t\t\t\t\t\t\t\t\t\t\t\t\t\t<input size=\"1\" type=\"email\" name=\"form_fields[email]\" id=\"form-field-email\" class=\"elementor-field elementor-size-sm  elementor-field-textual\" placeholder=\"Email\" required=\"required\" aria-required=\"true\">\n\t\t\t\t\t\t\t\t\t\t\t<\/div>\n\t\t\t\t\t\t\t\t<div class=\"elementor-field-type-tel elementor-field-group elementor-column elementor-field-group-field_accf776 elementor-col-50\">\n\t\t\t\t\t\t\t\t\t\t\t\t<label for=\"form-field-field_accf776\" class=\"elementor-field-label\">\n\t\t\t\t\t\t\t\tTel\t\t\t\t\t\t\t<\/label>\n\t\t\t\t\t\t\t\t<input size=\"1\" type=\"tel\" name=\"form_fields[field_accf776]\" id=\"form-field-field_accf776\" class=\"elementor-field elementor-size-sm  elementor-field-textual\" placeholder=\"Tel\" pattern=\"[0-9()#&amp;+*-=.]+\" title=\"Only numbers and phone characters (#, -, *, etc) are accepted.\">\n\n\t\t\t\t\t\t<\/div>\n\t\t\t\t\t\t\t\t<div class=\"elementor-field-type-textarea elementor-field-group elementor-column elementor-field-group-message elementor-col-100\">\n\t\t\t\t\t\t\t\t\t\t\t\t<label for=\"form-field-message\" class=\"elementor-field-label\">\n\t\t\t\t\t\t\t\tMessage\t\t\t\t\t\t\t<\/label>\n\t\t\t\t\t\t<textarea class=\"elementor-field-textual elementor-field  elementor-size-sm\" name=\"form_fields[message]\" id=\"form-field-message\" rows=\"4\" placeholder=\"Message\"><\/textarea>\t\t\t\t<\/div>\n\t\t\t\t\t\t\t\t<div class=\"elementor-field-group elementor-column elementor-field-type-submit elementor-col-25 e-form__buttons\">\n\t\t\t\t\t<button type=\"submit\" class=\"elementor-button elementor-size-xs\">\n\t\t\t\t\t\t<span >\n\t\t\t\t\t\t\t\t\t\t\t\t\t\t\t<span class=\" elementor-button-icon\">\n\t\t\t\t\t\t\t\t\t\t\t\t\t\t\t\t\t\t\t\t\t\t\t\t\t\t<\/span>\n\t\t\t\t\t\t\t\t\t\t\t\t\t\t\t\t\t\t\t\t\t\t<span class=\"elementor-button-text\">Send<\/span>\n\t\t\t\t\t\t\t\t\t\t\t\t\t<\/span>\n\t\t\t\t\t<\/button>\n\t\t\t\t<\/div>\n\t\t\t<\/div>\n\t\t<\/form>\n\t\t\t\t\t\t<\/div>\n\t\t\t\t<\/div>\n\t\t\t\t<\/div>\n\t\t\t\t\t<\/div>\n\t\t\t\t<\/div>\n\t\t\t\t<section class=\"elementor-section elementor-top-section elementor-element elementor-element-8d48d1c animated-slow elementor-section-boxed elementor-section-height-default elementor-section-height-default elementor-invisible\" data-id=\"8d48d1c\" data-element_type=\"section\" data-settings=\"{&quot;animation&quot;:&quot;fadeIn&quot;}\">\n\t\t\t\t\t\t<div class=\"elementor-container elementor-column-gap-default\">\n\t\t\t\t\t<div class=\"elementor-column elementor-col-50 elementor-top-column elementor-element elementor-element-ee8d583 elementor-invisible\" data-id=\"ee8d583\" data-element_type=\"column\" data-settings=\"{&quot;animation&quot;:&quot;slideInLeft&quot;}\">\n\t\t\t<div class=\"elementor-widget-wrap elementor-element-populated\">\n\t\t\t\t\t\t<div class=\"elementor-element elementor-element-dfa29d8 elementor-widget elementor-widget-google_maps\" data-id=\"dfa29d8\" data-element_type=\"widget\" data-widget_type=\"google_maps.default\">\n\t\t\t\t<div class=\"elementor-widget-container\">\n\t\t\t\t\t\t\t<div class=\"elementor-custom-embed\">\n\t\t\t<iframe loading=\"lazy\"\n\t\t\t\t\tsrc=\"https:\/\/maps.google.com\/maps?q=Creglinger%20Stra%C3%9Fe%205%2C%2090449%20N%C3%BCrnberg%2C&#038;t=m&#038;z=10&#038;output=embed&#038;iwloc=near\"\n\t\t\t\t\ttitle=\"Creglinger Stra\u00dfe 5, 90449 N\u00fcrnberg,\"\n\t\t\t\t\taria-label=\"Creglinger Stra\u00dfe 5, 90449 N\u00fcrnberg,\"\n\t\t\t><\/iframe>\n\t\t<\/div>\n\t\t\t\t\t\t<\/div>\n\t\t\t\t<\/div>\n\t\t\t\t\t<\/div>\n\t\t<\/div>\n\t\t\t\t<div class=\"elementor-column elementor-col-50 elementor-top-column elementor-element elementor-element-67e124f elementor-invisible\" data-id=\"67e124f\" data-element_type=\"column\" data-settings=\"{&quot;animation&quot;:&quot;slideInRight&quot;}\">\n\t\t\t<div class=\"elementor-widget-wrap elementor-element-populated\">\n\t\t\t\t\t\t<div class=\"elementor-element elementor-element-e302918 elementor-widget elementor-widget-text-editor\" data-id=\"e302918\" data-element_type=\"widget\" data-widget_type=\"text-editor.default\">\n\t\t\t\t<div class=\"elementor-widget-container\">\n\t\t\t\t\t\t\t\t\t<p style=\"padding-left: 40px;\"><strong><span style=\"color: #000000;\">\u00d6ffnungszeiten u. Kontakt<\/span><\/strong><\/p>\t\t\t\t\t\t\t\t<\/div>\n\t\t\t\t<\/div>\n\t\t\t\t<div class=\"elementor-element elementor-element-c6daf6c elementor-widget elementor-widget-text-editor\" data-id=\"c6daf6c\" data-element_type=\"widget\" data-widget_type=\"text-editor.default\">\n\t\t\t\t<div class=\"elementor-widget-container\">\n\t\t\t\t\t\t\t\t\t<ul><li aria-level=\"1\">KINDERTAGESPFLEGE SCHMETTERLING<\/li><li aria-level=\"1\">TERMINVEREINBARUNG<\/li><li aria-level=\"1\">0176\/82066545<\/li><li aria-level=\"1\">N\u00dcRNBERG-R\u00d6THENBACH<\/li><li aria-level=\"1\">Betreuung Montag bis Freitag von 7.00 bis 15.30 Uhr<\/li><li aria-level=\"1\">Auch am Wochenende nach individueller Absprache m\u00f6glich<\/li><li aria-level=\"1\">Maximal 5 Kinder im Alter von 0 &#8211; 5 Jahren<\/li><\/ul><div class=\"source-inline-chip-container ng-star-inserted\">\u00a0<\/div><div class=\"source-inline-chip-container ng-star-inserted\">\u00a0<\/div>\t\t\t\t\t\t\t\t<\/div>\n\t\t\t\t<\/div>\n\t\t\t\t\t<\/div>\n\t\t<\/div>\n\t\t\t\t\t<\/div>\n\t\t<\/section>\n\t\t\t\t<\/div>\n\t\t","protected":false},"excerpt":{"rendered":"<p>Wenn Sie Fragen zur Kinderbetreuung in der Kindertagespflege Schmetterling. haben oder sich f\u00fcr einen Platz interessieren, z\u00f6gern Sie nicht, mich, Faranak Farzam, zu kontaktieren. Sie k\u00f6nnen mir gerne schreiben oder mich unter meiner Mobilnummer 0176\/82066545 anrufen. \u00d6ffnungszeiten u. Kontakt KINDERTAGESPFLEGE SCHMETTERLING TERMINVEREINBARUNG 0176\/82066545 N\u00dcRNBERG-R\u00d6THENBACH Betreuung Montag bis Freitag von 7.00 bis 15.30 Uhr Auch am&#8230;<\/p>\n","protected":false},"author":1,"featured_media":0,"parent":0,"menu_order":0,"comment_status":"closed","ping_status":"closed","template":"","meta":{"_kad_post_transparent":"","_kad_post_title":"hide","_kad_post_layout":"normal","_kad_post_sidebar_id":"","_kad_post_content_style":"unboxed","_kad_post_vertical_padding":"hide","_kad_post_feature":"hide","_kad_post_feature_position":"","_kad_post_header":false,"_kad_post_footer":false,"footnotes":""},"class_list":["post-504","page","type-page","status-publish","hentry"],"_links":{"self":[{"href":"https:\/\/kindertagespflege-schmetterling.de\/index.php\/wp-json\/wp\/v2\/pages\/504","targetHints":{"allow":["GET"]}}],"collection":[{"href":"https:\/\/kindertagespflege-schmetterling.de\/index.php\/wp-json\/wp\/v2\/pages"}],"about":[{"href":"https:\/\/kindertagespflege-schmetterling.de\/index.php\/wp-json\/wp\/v2\/types\/page"}],"author":[{"embeddable":true,"href":"https:\/\/kindertagespflege-schmetterling.de\/index.php\/wp-json\/wp\/v2\/users\/1"}],"replies":[{"embeddable":true,"href":"https:\/\/kindertagespflege-schmetterling.de\/index.php\/wp-json\/wp\/v2\/comments?post=504"}],"version-history":[{"count":34,"href":"https:\/\/kindertagespflege-schmetterling.de\/index.php\/wp-json\/wp\/v2\/pages\/504\/revisions"}],"predecessor-version":[{"id":580,"href":"https:\/\/kindertagespflege-schmetterling.de\/index.php\/wp-json\/wp\/v2\/pages\/504\/revisions\/580"}],"wp:attachment":[{"href":"https:\/\/kindertagespflege-schmetterling.de\/index.php\/wp-json\/wp\/v2\/media?parent=504"}],"curies":[{"name":"wp","href":"https:\/\/api.w.org\/{rel}","templated":true}]}}