{"id":473,"date":"2025-05-22T14:43:39","date_gmt":"2025-05-22T14:43:39","guid":{"rendered":"https:\/\/kindertagespflege-schmetterling.de\/?page_id=473"},"modified":"2025-05-29T10:33:41","modified_gmt":"2025-05-29T10:33:41","slug":"ueber-mich","status":"publish","type":"page","link":"https:\/\/kindertagespflege-schmetterling.de\/index.php\/ueber-mich\/","title":{"rendered":"\u00fcber mich"},"content":{"rendered":"\t\t<div data-elementor-type=\"wp-page\" data-elementor-id=\"473\" class=\"elementor elementor-473\" data-elementor-post-type=\"page\">\n\t\t\t\t\t\t<section class=\"elementor-section elementor-top-section elementor-element elementor-element-74273ff animated-slow elementor-section-boxed elementor-section-height-default elementor-section-height-default elementor-invisible\" data-id=\"74273ff\" data-element_type=\"section\" data-settings=\"{&quot;animation&quot;:&quot;fadeIn&quot;}\">\n\t\t\t\t\t\t<div class=\"elementor-container elementor-column-gap-default\">\n\t\t\t\t\t<div class=\"elementor-column elementor-col-100 elementor-top-column elementor-element elementor-element-e5101e6\" data-id=\"e5101e6\" data-element_type=\"column\">\n\t\t\t<div class=\"elementor-widget-wrap elementor-element-populated\">\n\t\t\t\t\t\t<div class=\"elementor-element elementor-element-2b3913c elementor-widget elementor-widget-slider_revolution\" data-id=\"2b3913c\" data-element_type=\"widget\" data-widget_type=\"slider_revolution.default\">\n\t\t\t\t<div class=\"elementor-widget-container\">\n\t\t\t\t\t\n\t\t<div class=\"wp-block-themepunch-revslider\">\n\t\t\t\t<p class=\"rs-p-wp-fix\"><\/p>\n\t\t\t\t<sr7-module data-alias=\"slider-1\" data-id=\"1\" id=\"SR7_1_1\" class=\"rs-ov-hidden\" data-version=\"6.7.34\">\n\t\t\t\t\t<sr7-adjuster><\/sr7-adjuster>\n\t\t\t\t\t<sr7-content>\n\t\t\t\t\t\t<sr7-slide id=\"SR7_1_1-1\" data-key=\"1\">\n\t\t\t\t\t\t\t<sr7-bg id=\"SR7_1_1-1-2\" class=\"sr7-layer\"><noscript><img decoding=\"async\" src=\"https:\/\/kindertagespflege-schmetterling.de\/wp-content\/uploads\/2025\/05\/WhatsApp-Image-2025-05-18-at-10.21.222-1.jpeg\" alt=\"\" title=\"WhatsApp Image 2025-05-18 at 10.21.22(2)\"><\/noscript><\/sr7-bg>\n\t\t\t\t\t\t<\/sr7-slide>\n\t\t\t\t\t\t<sr7-slide id=\"SR7_1_1-2\" data-key=\"2\">\n\t\t\t\t\t\t\t<sr7-bg id=\"SR7_1_1-2-1\" class=\"sr7-layer\"><noscript><img decoding=\"async\" src=\"https:\/\/kindertagespflege-schmetterling.de\/wp-content\/uploads\/2025\/05\/WhatsApp-Image-2025-05-18-at-10.21.223.jpeg\" alt=\"\" title=\"WhatsApp Image 2025-05-18 at 10.21.22(3)\"><\/noscript><\/sr7-bg>\n\t\t\t\t\t\t<\/sr7-slide>\n\t\t\t\t\t\t<sr7-slide id=\"SR7_1_1-3\" data-key=\"3\">\n\t\t\t\t\t\t<\/sr7-slide>\n\t\t\t\t\t<\/sr7-content>\n\t\t\t\t\t<image_lists style=\"display:none\">\n\t\t\t\t\t\t<img data-src=\"\/\/kindertagespflege-schmetterling.de\/wp-content\/uploads\/2025\/05\/cropped-2025051923252192.png\" data-libid=\"416\" data-lib=\"medialibrary\" title=\"cropped-2025051923252192.png\" width=\"0\" height=\"0\" data-dbsrc=\"Ly9raW5kZXJ0YWdlc3BmbGVnZS1zY2htZXR0ZXJsaW5nLmRlL3dwLWNvbnRlbnQvdXBsb2Fkcy8yMDI1LzA1L2Nyb3BwZWQtMjAyNTA1MTkyMzI1MjE5Mi5wbmc=\"\/>\n\t\t\t\t\t\t<img data-src=\"\/\/kindertagespflege-schmetterling.de\/wp-content\/uploads\/2025\/05\/WhatsApp-Image-2025-05-18-at-10.21.222-1.jpeg\" data-libid=\"412\" data-lib=\"medialibrary\" title=\"WhatsApp Image 2025-05-18 at 10.21.22(2)\" width=\"0\" height=\"0\" data-dbsrc=\"Ly9raW5kZXJ0YWdlc3BmbGVnZS1zY2htZXR0ZXJsaW5nLmRlL3dwLWNvbnRlbnQvdXBsb2Fkcy8yMDI1LzA1L1doYXRzQXBwLUltYWdlLTIwMjUtMDUtMTgtYXQtMTAuMjEuMjIyLTEuanBlZw==\"\/>\n\t\t\t\t\t\t<img data-src=\"\/\/kindertagespflege-schmetterling.de\/wp-content\/uploads\/2025\/05\/WhatsApp-Image-2025-05-18-at-10.21.223.jpeg\" data-libid=\"405\" data-lib=\"medialibrary\" title=\"WhatsApp Image 2025-05-18 at 10.21.22(3)\" width=\"0\" height=\"0\" data-dbsrc=\"Ly9raW5kZXJ0YWdlc3BmbGVnZS1zY2htZXR0ZXJsaW5nLmRlL3dwLWNvbnRlbnQvdXBsb2Fkcy8yMDI1LzA1L1doYXRzQXBwLUltYWdlLTIwMjUtMDUtMTgtYXQtMTAuMjEuMjIzLmpwZWc=\"\/>\n\t\t\t\t\t<\/image_lists>\n\t\t\t\t<\/sr7-module>\n\t\t\t\t<script>\n\t\t\t\t\tSR7.PMH ??={}; SR7.PMH[\"SR7_1_1\"] = {cn:100,state:false,fn: function() { if (_tpt!==undefined && _tpt.prepareModuleHeight !== undefined) {  _tpt.prepareModuleHeight({id:\"SR7_1_1\",el:[891,891,700,600,500],type:'standard',shdw:'0',gh:[891,891,700,600,500],gw:[1300,1300,1024,778,480],vpt:['-100px&#039;,&#039;-100px&#039;,&#039;-100px&#039;,&#039;-100px&#039;,&#039;-100px'],size:{fullWidth:true, fullHeight:false},mh:'0',onh:0,onw:0,bg:{color:'{\"orig\":\"transparent\",\"type\":\"solid\",\"string\":\"transparent\"}'}});   SR7.PMH[\"SR7_1_1\"].state=true;} else if(SR7.PMH[\"SR7_1_1\"].cn-->0)\tsetTimeout( SR7.PMH[\"SR7_1_1\"].fn,19);}};SR7.PMH[\"SR7_1_1\" ].fn();\n\t\t\t\t<\/script>\n<\/div>\n\n\t\t\t\t\t\t<\/div>\n\t\t\t\t<\/div>\n\t\t\t\t\t<\/div>\n\t\t<\/div>\n\t\t\t\t\t<\/div>\n\t\t<\/section>\n\t\t\t\t<section class=\"elementor-section elementor-top-section elementor-element elementor-element-b8db80d animated-slow elementor-section-boxed elementor-section-height-default elementor-section-height-default elementor-invisible\" data-id=\"b8db80d\" data-element_type=\"section\" data-settings=\"{&quot;animation&quot;:&quot;fadeIn&quot;}\">\n\t\t\t\t\t\t<div class=\"elementor-container elementor-column-gap-default\">\n\t\t\t\t\t<div class=\"elementor-column elementor-col-50 elementor-top-column elementor-element elementor-element-eb91645 elementor-invisible\" data-id=\"eb91645\" data-element_type=\"column\" data-settings=\"{&quot;animation&quot;:&quot;slideInRight&quot;}\">\n\t\t\t<div class=\"elementor-widget-wrap elementor-element-populated\">\n\t\t\t\t\t\t<div class=\"elementor-element elementor-element-be678ed elementor-widget elementor-widget-text-editor\" data-id=\"be678ed\" data-element_type=\"widget\" data-widget_type=\"text-editor.default\">\n\t\t\t\t<div class=\"elementor-widget-container\">\n\t\t\t\t\t\t\t\t\t<p><span style=\"color: #000000;\"><b>Hallo ich bin\u00a0 Faranak Farzam:<\/b><\/span><\/p><ul><li aria-level=\"1\"><span style=\"color: #000000;\">Ihr Vorname Faranak bedeutet auf Persisch Schmetterling.<\/span><\/li><li aria-level=\"1\"><span style=\"color: #000000;\">Geboren am 17. Juni 1966 in Yazd, Iran.<\/span><\/li><li aria-level=\"1\"><span style=\"color: #000000;\">Lebt seit 2000 in Deutschland.<\/span><\/li><li aria-level=\"1\"><span style=\"color: #000000;\">Hat zwei S\u00f6hne; ein 21 J\u00e4hrigen Sohn und ein 28 J\u00e4hrigen Sohn<\/span><\/li><li aria-level=\"1\"><span style=\"color: #000000;\">Eine H\u00fcndin namens Valeria lebt ebenfalls mit ihnen.<\/span><\/li><li aria-level=\"1\"><span style=\"color: #000000;\">Fr\u00fchere T\u00e4tigkeiten im Iran: Tourismusmanagerin in einem Reiseb\u00fcro und Managerin in einer \u201eBurgerKing&#8220; Filiale.<\/span><\/li><\/ul><ol start=\"2\"><li><span style=\"color: #000000;\"><b> Meine St\u00e4rken und Hobbys:<\/b><\/span><\/li><\/ol><ul><li aria-level=\"1\"><span style=\"color: #000000;\"><b>St\u00e4rken:<\/b> Viel Geduld, guter Umgang mit Menschen, sehr verantwortungsbewusst.<\/span><\/li><li aria-level=\"1\"><span style=\"color: #000000;\"><b>Sprachen:<\/b> Persisch, Afghanisch, Aserbaidschanisch, T\u00fcrkisch und etwas Englisch.<\/span><\/li><li aria-level=\"1\"><span style=\"color: #000000;\"><b>Hobbys:<\/b> Naturaufenthalte, Wandern, Tiere, gute Laune verbreiten.<\/span><\/li><li aria-level=\"1\"><span style=\"color: #000000;\">Sie trennt Privatleben und Arbeit.<\/span><\/li><\/ul><ol start=\"3\"><li><span style=\"color: #000000;\"><b> Weshalb ich als eine Kindertagespflegeperson arbeiten m\u00f6chte?<\/b><\/span><\/li><\/ol><ul><li aria-level=\"1\"><span style=\"color: #000000;\">Freude am Zeitverbringen und K\u00fcmmern um Kinder, Spielen, Tanzen und ihnen etwas beibringen.<\/span><\/li><li aria-level=\"1\"><span style=\"color: #000000;\">Wunsch, Eltern Sorgen um gute Behandlung, Aufmerksamkeit und soziale Entwicklung ihrer Kinder zu nehmen, basierend auf eigenen fr\u00fcheren Erfahrungen.<\/span><\/li><li aria-level=\"1\"><span style=\"color: #000000;\">Die ersten drei Lebensjahre sind wichtig f\u00fcr die Formung der Grob- und Feinmotorik.<\/span><\/li><\/ul>\t\t\t\t\t\t\t\t<\/div>\n\t\t\t\t<\/div>\n\t\t\t\t\t<\/div>\n\t\t<\/div>\n\t\t\t\t<div class=\"elementor-column elementor-col-50 elementor-top-column elementor-element elementor-element-761938c elementor-invisible\" data-id=\"761938c\" data-element_type=\"column\" data-settings=\"{&quot;animation&quot;:&quot;slideInLeft&quot;}\">\n\t\t\t<div class=\"elementor-widget-wrap elementor-element-populated\">\n\t\t\t\t\t\t<div class=\"elementor-element elementor-element-4ff6ed9 elementor-widget__width-auto elementor-widget elementor-widget-image\" data-id=\"4ff6ed9\" data-element_type=\"widget\" data-widget_type=\"image.default\">\n\t\t\t\t<div class=\"elementor-widget-container\">\n\t\t\t\t\t\t\t\t\t\t\t\t\t\t\t<img decoding=\"async\" src=\"https:\/\/kindertagespflege-schmetterling.de\/wp-content\/uploads\/elementor\/thumbs\/WhatsApp-Image-2025-05-22-at-21.23.04-r6754zt65s1wegt40oo3hdns4rx0k8rxnjy1xx27h4.jpeg\" title=\"WhatsApp Image 2025-05-22 at 21.23.04\" alt=\"WhatsApp Image 2025-05-22 at 21.23.04\" loading=\"lazy\" \/>\t\t\t\t\t\t\t\t\t\t\t\t\t\t\t<\/div>\n\t\t\t\t<\/div>\n\t\t\t\t\t<\/div>\n\t\t<\/div>\n\t\t\t\t\t<\/div>\n\t\t<\/section>\n\t\t<div class=\"elementor-element elementor-element-290c966 e-flex e-con-boxed e-con e-parent\" data-id=\"290c966\" data-element_type=\"container\">\n\t\t\t\t\t<div class=\"e-con-inner\">\n\t\t<div class=\"elementor-element elementor-element-280cb17 e-con-full e-flex e-con e-child\" data-id=\"280cb17\" data-element_type=\"container\">\n\t\t\t\t<div class=\"elementor-element elementor-element-3da6ffd elementor-widget elementor-widget-image\" data-id=\"3da6ffd\" data-element_type=\"widget\" data-widget_type=\"image.default\">\n\t\t\t\t<div class=\"elementor-widget-container\">\n\t\t\t\t\t\t\t\t\t\t\t\t\t\t\t<img decoding=\"async\" src=\"https:\/\/kindertagespflege-schmetterling.de\/wp-content\/uploads\/elementor\/thumbs\/WhatsApp-Image-2025-05-18-at-10.44.221-r66sp3po9i8n0stamt6cdbjijka244d19l3505r56w.jpeg\" title=\"WhatsApp Image 2025-05-18 at 10.44.22(1)\" alt=\"WhatsApp Image 2025-05-18 at 10.44.22(1)\" loading=\"lazy\" \/>\t\t\t\t\t\t\t\t\t\t\t\t\t\t\t<\/div>\n\t\t\t\t<\/div>\n\t\t\t\t<\/div>\n\t\t<div class=\"elementor-element elementor-element-2c56099 e-con-full e-flex e-con e-child\" data-id=\"2c56099\" data-element_type=\"container\">\n\t\t\t\t<div class=\"elementor-element elementor-element-c7c790b elementor-widget elementor-widget-image\" data-id=\"c7c790b\" data-element_type=\"widget\" data-widget_type=\"image.default\">\n\t\t\t\t<div class=\"elementor-widget-container\">\n\t\t\t\t\t\t\t\t\t\t\t\t\t\t\t<img loading=\"lazy\" decoding=\"async\" width=\"683\" height=\"1024\" src=\"https:\/\/kindertagespflege-schmetterling.de\/wp-content\/uploads\/2025\/05\/WhatsApp-Image-2025-05-18-at-10.44.222-683x1024.jpeg\" class=\"attachment-large size-large wp-image-476\" alt=\"\" srcset=\"https:\/\/kindertagespflege-schmetterling.de\/wp-content\/uploads\/2025\/05\/WhatsApp-Image-2025-05-18-at-10.44.222-683x1024.jpeg 683w, https:\/\/kindertagespflege-schmetterling.de\/wp-content\/uploads\/2025\/05\/WhatsApp-Image-2025-05-18-at-10.44.222-200x300.jpeg 200w, https:\/\/kindertagespflege-schmetterling.de\/wp-content\/uploads\/2025\/05\/WhatsApp-Image-2025-05-18-at-10.44.222-768x1151.jpeg 768w, https:\/\/kindertagespflege-schmetterling.de\/wp-content\/uploads\/2025\/05\/WhatsApp-Image-2025-05-18-at-10.44.222-1025x1536.jpeg 1025w, https:\/\/kindertagespflege-schmetterling.de\/wp-content\/uploads\/2025\/05\/WhatsApp-Image-2025-05-18-at-10.44.222.jpeg 1366w\" sizes=\"(max-width: 683px) 100vw, 683px\" \/>\t\t\t\t\t\t\t\t\t\t\t\t\t\t\t<\/div>\n\t\t\t\t<\/div>\n\t\t\t\t<\/div>\n\t\t<div class=\"elementor-element elementor-element-afd4c1c e-con-full e-flex e-con e-child\" data-id=\"afd4c1c\" data-element_type=\"container\">\n\t\t\t\t<div class=\"elementor-element elementor-element-40d157e elementor-widget elementor-widget-image\" data-id=\"40d157e\" data-element_type=\"widget\" data-widget_type=\"image.default\">\n\t\t\t\t<div class=\"elementor-widget-container\">\n\t\t\t\t\t\t\t\t\t\t\t\t\t\t\t<img loading=\"lazy\" decoding=\"async\" width=\"478\" height=\"1024\" src=\"https:\/\/kindertagespflege-schmetterling.de\/wp-content\/uploads\/2025\/05\/WhatsApp-Image-2025-05-18-at-10.51.03-478x1024.jpeg\" class=\"attachment-large size-large wp-image-442\" alt=\"\" srcset=\"https:\/\/kindertagespflege-schmetterling.de\/wp-content\/uploads\/2025\/05\/WhatsApp-Image-2025-05-18-at-10.51.03-478x1024.jpeg 478w, https:\/\/kindertagespflege-schmetterling.de\/wp-content\/uploads\/2025\/05\/WhatsApp-Image-2025-05-18-at-10.51.03-140x300.jpeg 140w, https:\/\/kindertagespflege-schmetterling.de\/wp-content\/uploads\/2025\/05\/WhatsApp-Image-2025-05-18-at-10.51.03-768x1645.jpeg 768w, https:\/\/kindertagespflege-schmetterling.de\/wp-content\/uploads\/2025\/05\/WhatsApp-Image-2025-05-18-at-10.51.03-717x1536.jpeg 717w, https:\/\/kindertagespflege-schmetterling.de\/wp-content\/uploads\/2025\/05\/WhatsApp-Image-2025-05-18-at-10.51.03.jpeg 934w\" sizes=\"(max-width: 478px) 100vw, 478px\" \/>\t\t\t\t\t\t\t\t\t\t\t\t\t\t\t<\/div>\n\t\t\t\t<\/div>\n\t\t\t\t<\/div>\n\t\t<div class=\"elementor-element elementor-element-3d5b961 e-con-full e-flex e-con e-child\" data-id=\"3d5b961\" data-element_type=\"container\">\n\t\t\t\t<div class=\"elementor-element elementor-element-7cbe395 elementor-widget elementor-widget-image\" data-id=\"7cbe395\" data-element_type=\"widget\" data-widget_type=\"image.default\">\n\t\t\t\t<div class=\"elementor-widget-container\">\n\t\t\t\t\t\t\t\t\t\t\t\t\t\t\t<img loading=\"lazy\" decoding=\"async\" width=\"1024\" height=\"683\" src=\"https:\/\/kindertagespflege-schmetterling.de\/wp-content\/uploads\/2025\/05\/WhatsApp-Image-2025-05-18-at-10.44.21-1024x683.jpeg\" class=\"attachment-large size-large wp-image-477\" alt=\"\" srcset=\"https:\/\/kindertagespflege-schmetterling.de\/wp-content\/uploads\/2025\/05\/WhatsApp-Image-2025-05-18-at-10.44.21-1024x683.jpeg 1024w, https:\/\/kindertagespflege-schmetterling.de\/wp-content\/uploads\/2025\/05\/WhatsApp-Image-2025-05-18-at-10.44.21-300x200.jpeg 300w, https:\/\/kindertagespflege-schmetterling.de\/wp-content\/uploads\/2025\/05\/WhatsApp-Image-2025-05-18-at-10.44.21-768x512.jpeg 768w, https:\/\/kindertagespflege-schmetterling.de\/wp-content\/uploads\/2025\/05\/WhatsApp-Image-2025-05-18-at-10.44.21-1536x1025.jpeg 1536w, https:\/\/kindertagespflege-schmetterling.de\/wp-content\/uploads\/2025\/05\/WhatsApp-Image-2025-05-18-at-10.44.21.jpeg 2048w\" sizes=\"(max-width: 1024px) 100vw, 1024px\" \/>\t\t\t\t\t\t\t\t\t\t\t\t\t\t\t<\/div>\n\t\t\t\t<\/div>\n\t\t\t\t<\/div>\n\t\t\t\t\t<\/div>\n\t\t\t\t<\/div>\n\t\t<div class=\"elementor-element elementor-element-6c55aa3 e-flex e-con-boxed e-con e-parent\" data-id=\"6c55aa3\" data-element_type=\"container\">\n\t\t\t\t\t<div class=\"e-con-inner\">\n\t\t\t\t<div class=\"elementor-element elementor-element-bb9172b elementor-widget elementor-widget-spacer\" data-id=\"bb9172b\" data-element_type=\"widget\" data-widget_type=\"spacer.default\">\n\t\t\t\t<div class=\"elementor-widget-container\">\n\t\t\t\t\t\t\t<div class=\"elementor-spacer\">\n\t\t\t<div class=\"elementor-spacer-inner\"><\/div>\n\t\t<\/div>\n\t\t\t\t\t\t<\/div>\n\t\t\t\t<\/div>\n\t\t\t\t\t<\/div>\n\t\t\t\t<\/div>\n\t\t\t\t<section class=\"elementor-section elementor-top-section elementor-element elementor-element-58a3142 elementor-section-height-min-height elementor-section-stretched animated-slow elementor-section-boxed elementor-section-height-default elementor-section-items-middle elementor-invisible\" data-id=\"58a3142\" data-element_type=\"section\" data-settings=\"{&quot;stretch_section&quot;:&quot;section-stretched&quot;,&quot;background_background&quot;:&quot;classic&quot;,&quot;animation&quot;:&quot;fadeIn&quot;}\">\n\t\t\t\t\t\t<div class=\"elementor-container elementor-column-gap-default\">\n\t\t\t\t\t<div class=\"elementor-column elementor-col-50 elementor-top-column elementor-element elementor-element-460993c\" data-id=\"460993c\" data-element_type=\"column\">\n\t\t\t<div class=\"elementor-widget-wrap elementor-element-populated\">\n\t\t\t\t\t\t<div class=\"elementor-element elementor-element-e79ef00 elementor-widget elementor-widget-text-editor\" data-id=\"e79ef00\" data-element_type=\"widget\" data-widget_type=\"text-editor.default\">\n\t\t\t\t<div class=\"elementor-widget-container\">\n\t\t\t\t\t\t\t\t\t<p style=\"text-align: center;\"><span style=\"color: #ffffff;\"><strong>Kindertagespflege Schmetterling<\/strong><\/span><\/p>\t\t\t\t\t\t\t\t<\/div>\n\t\t\t\t<\/div>\n\t\t\t\t<div class=\"elementor-element elementor-element-e1398cd elementor-widget elementor-widget-text-editor\" data-id=\"e1398cd\" data-element_type=\"widget\" data-widget_type=\"text-editor.default\">\n\t\t\t\t<div class=\"elementor-widget-container\">\n\t\t\t\t\t\t\t\t\t<ul><li aria-level=\"1\"><span style=\"color: #ffffff;\"><strong>Betreuung<\/strong> von Kindern im Alter von 0 bis 14 Jahren, an f\u00fcnf Werktagen.<\/span><\/li><li aria-level=\"1\"><span style=\"color: #ffffff;\"><strong>Die R\u00e4umlichkeiten<\/strong> befinden sich im Erdgeschoss.<\/span><\/li><li aria-level=\"1\"><span style=\"color: #ffffff;\">Jedes Kind hat ein eigenes Schuhfach und einen Garderobenhaken.<\/span><\/li><li aria-level=\"1\"><span style=\"color: #ffffff;\">WC und Bader\u00e4ume rechts vom Eingang.<\/span><\/li><li aria-level=\"1\"><span style=\"color: #ffffff;\"><b>Gruppenraum:<\/b> ca. 18m2, am hinteren Ende des Flurs, kinderfreundlich eingerichtet. Enth\u00e4lt einen Basteltisch\/Leseecke und eine Kuschelecke. Ein Regal mit \u00fcberwiegend Holzspielzeug ist vorhanden.<\/span><\/li><li aria-level=\"1\"><span style=\"color: #ffffff;\"><b>Ess- und Schlafraum:<\/b> Neben dem Gruppenraum, Nutzung je nach Uhrzeit. Der Schlafraum ist mit kleinen, verstaubaren Matratzen ausgestattet.<\/span><\/li><li aria-level=\"1\"><span style=\"color: #ffffff;\"><b>K\u00fcche:<\/b> Neben dem Schlafzimmer, mit T\u00fcrschutzgitter gesichert. Kinder sollen beim Kochen, Backen und Tischdecken mithelfen.<\/span><\/li><li aria-level=\"1\"><span style=\"color: #ffffff;\"><strong>Alle R\u00e4ume<\/strong> sind auf einer Ebene und \u00fcber den Flur verbunden.<\/span><\/li><li aria-level=\"1\"><span style=\"color: #ffffff;\">Steckdosen und Fenster sind gesichert.<\/span><\/li><\/ul>\t\t\t\t\t\t\t\t<\/div>\n\t\t\t\t<\/div>\n\t\t\t\t\t<\/div>\n\t\t<\/div>\n\t\t\t\t<div class=\"elementor-column elementor-col-50 elementor-top-column elementor-element elementor-element-325081f\" data-id=\"325081f\" data-element_type=\"column\">\n\t\t\t<div class=\"elementor-widget-wrap elementor-element-populated\">\n\t\t\t\t\t\t<div class=\"elementor-element elementor-element-3b5bd03 elementor-widget elementor-widget-image\" data-id=\"3b5bd03\" data-element_type=\"widget\" data-widget_type=\"image.default\">\n\t\t\t\t<div class=\"elementor-widget-container\">\n\t\t\t\t\t\t\t\t\t\t\t\t\t\t\t<img loading=\"lazy\" decoding=\"async\" width=\"1472\" height=\"832\" src=\"https:\/\/kindertagespflege-schmetterling.de\/wp-content\/uploads\/2025\/05\/WhatsApp-Image-2025-05-18-at-10.21.223.jpeg\" class=\"attachment-full size-full wp-image-405\" alt=\"\" srcset=\"https:\/\/kindertagespflege-schmetterling.de\/wp-content\/uploads\/2025\/05\/WhatsApp-Image-2025-05-18-at-10.21.223.jpeg 1472w, https:\/\/kindertagespflege-schmetterling.de\/wp-content\/uploads\/2025\/05\/WhatsApp-Image-2025-05-18-at-10.21.223-300x170.jpeg 300w, https:\/\/kindertagespflege-schmetterling.de\/wp-content\/uploads\/2025\/05\/WhatsApp-Image-2025-05-18-at-10.21.223-1024x579.jpeg 1024w, https:\/\/kindertagespflege-schmetterling.de\/wp-content\/uploads\/2025\/05\/WhatsApp-Image-2025-05-18-at-10.21.223-768x434.jpeg 768w\" sizes=\"(max-width: 1472px) 100vw, 1472px\" \/>\t\t\t\t\t\t\t\t\t\t\t\t\t\t\t<\/div>\n\t\t\t\t<\/div>\n\t\t\t\t\t<\/div>\n\t\t<\/div>\n\t\t\t\t\t<\/div>\n\t\t<\/section>\n\t\t<div class=\"elementor-element elementor-element-4201140 e-flex e-con-boxed e-con e-parent\" data-id=\"4201140\" data-element_type=\"container\">\n\t\t\t\t\t<div class=\"e-con-inner\">\n\t\t<div class=\"elementor-element elementor-element-03e7b4c e-con-full e-flex e-con e-child\" data-id=\"03e7b4c\" data-element_type=\"container\">\n\t\t\t\t<div class=\"elementor-element elementor-element-26dee18 elementor-widget elementor-widget-spacer\" data-id=\"26dee18\" data-element_type=\"widget\" data-widget_type=\"spacer.default\">\n\t\t\t\t<div class=\"elementor-widget-container\">\n\t\t\t\t\t\t\t<div class=\"elementor-spacer\">\n\t\t\t<div class=\"elementor-spacer-inner\"><\/div>\n\t\t<\/div>\n\t\t\t\t\t\t<\/div>\n\t\t\t\t<\/div>\n\t\t\t\t<\/div>\n\t\t<div class=\"elementor-element elementor-element-c347aa6 e-con-full e-flex e-con e-child\" data-id=\"c347aa6\" data-element_type=\"container\">\n\t\t\t\t<\/div>\n\t\t\t\t\t<\/div>\n\t\t\t\t<\/div>\n\t\t\t\t<\/div>\n\t\t","protected":false},"excerpt":{"rendered":"<p>Hallo ich bin\u00a0 Faranak Farzam: Ihr Vorname Faranak bedeutet auf Persisch Schmetterling. Geboren am 17. Juni 1966 in Yazd, Iran. Lebt seit 2000 in Deutschland. Hat zwei S\u00f6hne; ein 21 J\u00e4hrigen Sohn und ein 28 J\u00e4hrigen Sohn Eine H\u00fcndin namens Valeria lebt ebenfalls mit ihnen. Fr\u00fchere T\u00e4tigkeiten im Iran: Tourismusmanagerin in einem Reiseb\u00fcro und Managerin&#8230;<\/p>\n","protected":false},"author":1,"featured_media":0,"parent":0,"menu_order":0,"comment_status":"closed","ping_status":"closed","template":"","meta":{"_kad_post_transparent":"","_kad_post_title":"hide","_kad_post_layout":"normal","_kad_post_sidebar_id":"","_kad_post_content_style":"unboxed","_kad_post_vertical_padding":"hide","_kad_post_feature":"hide","_kad_post_feature_position":"","_kad_post_header":false,"_kad_post_footer":false,"footnotes":""},"class_list":["post-473","page","type-page","status-publish","hentry"],"_links":{"self":[{"href":"https:\/\/kindertagespflege-schmetterling.de\/index.php\/wp-json\/wp\/v2\/pages\/473","targetHints":{"allow":["GET"]}}],"collection":[{"href":"https:\/\/kindertagespflege-schmetterling.de\/index.php\/wp-json\/wp\/v2\/pages"}],"about":[{"href":"https:\/\/kindertagespflege-schmetterling.de\/index.php\/wp-json\/wp\/v2\/types\/page"}],"author":[{"embeddable":true,"href":"https:\/\/kindertagespflege-schmetterling.de\/index.php\/wp-json\/wp\/v2\/users\/1"}],"replies":[{"embeddable":true,"href":"https:\/\/kindertagespflege-schmetterling.de\/index.php\/wp-json\/wp\/v2\/comments?post=473"}],"version-history":[{"count":31,"href":"https:\/\/kindertagespflege-schmetterling.de\/index.php\/wp-json\/wp\/v2\/pages\/473\/revisions"}],"predecessor-version":[{"id":625,"href":"https:\/\/kindertagespflege-schmetterling.de\/index.php\/wp-json\/wp\/v2\/pages\/473\/revisions\/625"}],"wp:attachment":[{"href":"https:\/\/kindertagespflege-schmetterling.de\/index.php\/wp-json\/wp\/v2\/media?parent=473"}],"curies":[{"name":"wp","href":"https:\/\/api.w.org\/{rel}","templated":true}]}}